{"id":1575,"date":"2022-08-19T17:44:39","date_gmt":"2022-08-19T17:44:39","guid":{"rendered":"https:\/\/plastic-industrie.ro\/?post_type=product&#038;p=1575"},"modified":"2024-08-09T19:55:17","modified_gmt":"2024-08-09T19:55:17","slug":"burghie-din-carbura-solida-drillforce-1pc-1mm-16mm-hrc65","status":"publish","type":"product","link":"http:\/\/plastic-industrie.ro\/?product=burghie-din-carbura-solida-drillforce-1pc-1mm-16mm-hrc65","title":{"rendered":"Burghie din carbur\u0103 solid\u0103 Drillforce HRC65 D1-D20  (Detalii WhatsApp)"},"content":{"rendered":"<p>Burghiu din carbura solida cu canal de racire sau fara canal de racire.<\/p>\n<p>Sculele din carbur\u0103 solid\u0103 ofer\u0103 o durat\u0103 lung\u0103 de via\u021b\u0103 a sculei \u0219i viteze de a\u0219chiere mai mari dec\u00e2t alte substraturi, dar sunt mai fragile \u0219i trebuie utilizate cu sisteme rigide de prindere a sculelor. Potrivit pentru o\u021bel carbon, font\u0103 r\u0103cit\u0103, font\u0103 ductil\u0103, font\u0103 gri, o\u021bel matri\u021b\u0103, o\u021bel inoxidabil, o\u021bel aliat rezistent la c\u0103ldur\u0103, o\u021bel pentru scule. Tijele rotunde permit utilizarea cu o mare varietate de sisteme de fixare a sculelor. C\u00e2nd sunt rulate \u00een sens invers acelor de ceasornic (t\u0103iat pe dreapta), sculele cu caneluri spiralate evacueaz\u0103 a\u0219chiile \u00een sus \u0219i \u00een afara t\u0103ieturii pentru a reduce \u00eenfundarea. Forarea sau realizarea g\u0103urilor este cea mai comun\u0103 opera\u021biune de prelucrare a metalelor din lume. Burghiile elicoidale sunt cel mai frecvent tip de burghiu folosit. Burghiile elicoidale sunt utilizate \u00een mod obi\u0219nuit pentru a g\u0103uri cu burghie ac\u0163ionate manual, prese de g\u0103urit de sine st\u0103t\u0103toare sau strunguri. Canelurile burghiului ac\u021bioneaz\u0103 ca o cale de trecere pentru extragerea a\u0219chiilor din gaur\u0103 \u0219i pentru intrarea lichidului de r\u0103cire \u00een gaur\u0103.<\/p>\n","protected":false},"excerpt":{"rendered":"<p>Burghiu din carbura solida cu canal de racire sau fara canal de racire. Sculele din carbur\u0103 solid\u0103 ofer\u0103 o durat\u0103 lung\u0103 de via\u021b\u0103 a sculei \u0219i viteze de a\u0219chiere mai mari dec\u00e2t alte substraturi, dar sunt mai fragile \u0219i trebuie utilizate cu sisteme rigide de prindere a sculelor. Potrivit pentru o\u021bel carbon, font\u0103 r\u0103cit\u0103, font\u0103 &hellip;<\/p>\n<p class=\"read-more\"> <a class=\"\" href=\"http:\/\/plastic-industrie.ro\/?product=burghie-din-carbura-solida-drillforce-1pc-1mm-16mm-hrc65\"> <span class=\"screen-reader-text\">Burghie din carbur\u0103 solid\u0103 Drillforce HRC65 D1-D20  (Detalii WhatsApp)<\/span> Read More &raquo;<\/a><\/p>\n","protected":false},"featured_media":1576,"comment_status":"open","ping_status":"closed","template":"","meta":{"site-sidebar-layout":"default","site-content-layout":"default","ast-global-header-display":"","ast-main-header-display":"","ast-hfb-above-header-display":"","ast-hfb-below-header-display":"","ast-hfb-mobile-header-display":"","site-post-title":"","ast-breadcrumbs-content":"","ast-featured-img":"","footer-sml-layout":"","theme-transparent-header-meta":"default","adv-header-id-meta":"","stick-header-meta":"","header-above-stick-meta":"","header-main-stick-meta":"","header-below-stick-meta":""},"product_cat":[15,41,44],"product_tag":[],"_links":{"self":[{"href":"http:\/\/plastic-industrie.ro\/index.php?rest_route=\/wp\/v2\/product\/1575"}],"collection":[{"href":"http:\/\/plastic-industrie.ro\/index.php?rest_route=\/wp\/v2\/product"}],"about":[{"href":"http:\/\/plastic-industrie.ro\/index.php?rest_route=\/wp\/v2\/types\/product"}],"replies":[{"embeddable":true,"href":"http:\/\/plastic-industrie.ro\/index.php?rest_route=%2Fwp%2Fv2%2Fcomments&post=1575"}],"wp:featuredmedia":[{"embeddable":true,"href":"http:\/\/plastic-industrie.ro\/index.php?rest_route=\/wp\/v2\/media\/1576"}],"wp:attachment":[{"href":"http:\/\/plastic-industrie.ro\/index.php?rest_route=%2Fwp%2Fv2%2Fmedia&parent=1575"}],"wp:term":[{"taxonomy":"product_cat","embeddable":true,"href":"http:\/\/plastic-industrie.ro\/index.php?rest_route=%2Fwp%2Fv2%2Fproduct_cat&post=1575"},{"taxonomy":"product_tag","embeddable":true,"href":"http:\/\/plastic-industrie.ro\/index.php?rest_route=%2Fwp%2Fv2%2Fproduct_tag&post=1575"}],"curies":[{"name":"wp","href":"https:\/\/api.w.org\/{rel}","templated":true}]}}