{"id":1589,"date":"2022-08-22T17:17:06","date_gmt":"2022-08-22T17:17:06","guid":{"rendered":"http:\/\/plastic-industrie.ro\/?post_type=product&#038;p=1589"},"modified":"2022-09-01T17:53:11","modified_gmt":"2022-09-01T17:53:11","slug":"sarma-brazare-aluminiu","status":"publish","type":"product","link":"http:\/\/plastic-industrie.ro\/?product=sarma-brazare-aluminiu","title":{"rendered":"Sarma pentru sudura laser (Detalii WhatsApp)"},"content":{"rendered":"<p>Sudarea cu laser a devenit un proces din ce in ce mai popular. Din acest motiv, multe companii au inceput sa inlocuiasca echipamentele standard de sudare cu cele cu laser. Sudarea cu laser permite abordarea unei aplicatii cat si fara. Este un proces facil, care nu necesit\u0103 experien\u021b\u0103 din partea sudorului.<\/p>\n<p>Utilizarea sarmelor la sudarea cu laser, in functie de aplicatia clientului, poate genera urmatoarele beneficii:<\/p>\n<ul>\n<li>Imbun\u0103t\u0103\u021bi\u021bi calitatea imbinarilor<\/li>\n<li>In cazul sudarii materialelor mai robuste, imbinarile sudate sunt mult mai rezistente &amp; calitative.<\/li>\n<li>Se va evita aparatia fisurilor in cazul anumitor materiale<\/li>\n<\/ul>\n<p>In cazul sudarii cu laser cu materiale de adaos (sarme) &#8211; viteza sarmelor de sudura trebuie configurat\u0103 corespunz\u0103tor, \u00een func\u021bie de grosimea materialului sudat \u0219i de viteza la care persoana dore\u0219te s\u0103 lucreze. De asemenea, va depinde de tipul de sudur\u0103 pe care \u00eel veti realiza.<\/p>\n","protected":false},"excerpt":{"rendered":"<p>Sudarea cu laser a devenit un proces din ce in ce mai popular. Din acest motiv, multe companii au inceput sa inlocuiasca echipamentele standard de sudare cu cele cu laser. Sudarea cu laser permite abordarea unei aplicatii cat si fara. Este un proces facil, care nu necesit\u0103 experien\u021b\u0103 din partea sudorului. Utilizarea sarmelor la sudarea &hellip;<\/p>\n<p class=\"read-more\"> <a class=\"\" href=\"http:\/\/plastic-industrie.ro\/?product=sarma-brazare-aluminiu\"> <span class=\"screen-reader-text\">Sarma pentru sudura laser (Detalii WhatsApp)<\/span> Read More &raquo;<\/a><\/p>\n","protected":false},"featured_media":1618,"comment_status":"open","ping_status":"closed","template":"","meta":{"site-sidebar-layout":"default","site-content-layout":"default","ast-global-header-display":"","ast-main-header-display":"","ast-hfb-above-header-display":"","ast-hfb-below-header-display":"","ast-hfb-mobile-header-display":"","site-post-title":"","ast-breadcrumbs-content":"","ast-featured-img":"","footer-sml-layout":"","theme-transparent-header-meta":"default","adv-header-id-meta":"","stick-header-meta":"","header-above-stick-meta":"","header-main-stick-meta":"","header-below-stick-meta":""},"product_cat":[42,36],"product_tag":[],"_links":{"self":[{"href":"http:\/\/plastic-industrie.ro\/index.php?rest_route=\/wp\/v2\/product\/1589"}],"collection":[{"href":"http:\/\/plastic-industrie.ro\/index.php?rest_route=\/wp\/v2\/product"}],"about":[{"href":"http:\/\/plastic-industrie.ro\/index.php?rest_route=\/wp\/v2\/types\/product"}],"replies":[{"embeddable":true,"href":"http:\/\/plastic-industrie.ro\/index.php?rest_route=%2Fwp%2Fv2%2Fcomments&post=1589"}],"wp:featuredmedia":[{"embeddable":true,"href":"http:\/\/plastic-industrie.ro\/index.php?rest_route=\/wp\/v2\/media\/1618"}],"wp:attachment":[{"href":"http:\/\/plastic-industrie.ro\/index.php?rest_route=%2Fwp%2Fv2%2Fmedia&parent=1589"}],"wp:term":[{"taxonomy":"product_cat","embeddable":true,"href":"http:\/\/plastic-industrie.ro\/index.php?rest_route=%2Fwp%2Fv2%2Fproduct_cat&post=1589"},{"taxonomy":"product_tag","embeddable":true,"href":"http:\/\/plastic-industrie.ro\/index.php?rest_route=%2Fwp%2Fv2%2Fproduct_tag&post=1589"}],"curies":[{"name":"wp","href":"https:\/\/api.w.org\/{rel}","templated":true}]}}