{"id":1766,"date":"2022-09-08T16:52:48","date_gmt":"2022-09-08T16:52:48","guid":{"rendered":"https:\/\/plastic-industrie.ro\/?post_type=product&#038;p=1766"},"modified":"2025-10-31T13:21:04","modified_gmt":"2025-10-31T13:21:04","slug":"freza-pentru-lemn-din-carbura-cu-doi-dinti","status":"publish","type":"product","link":"http:\/\/plastic-industrie.ro\/?product=freza-pentru-lemn-din-carbura-cu-doi-dinti","title":{"rendered":"Frez\u0103 Pentru Lemn din Carbura cu doi Dinti (Detalii WhatsApp)"},"content":{"rendered":"<div>\n<div>\n<div>\n<div>\n<div><strong><span>Cele mai potrivite materiale: compresie, MDF<\/span><\/strong><\/div>\n<div><span>ar putea fi potrivit \u0219i pe materialele de mai jos:<\/span><\/div>\n<div><span>(1) MDF, pl\u0103ci aglomerate, pl\u0103ci cu strat, bu\u0219teni, lipite pe panourile de piele;<\/span><\/div>\n<div><span>(2) PAL, compozit, melaminat;<\/span><\/div>\n<div><span>(3) Lemn masiv, lemn nativ, placaj, plac\u0103 de lotus;<\/span><\/div>\n<div><\/div>\n<div><span>Aplicatii:<\/span><\/div>\n<div><span>Centru de prelucrare pentru router CNC, ma\u0219in\u0103 pentru prelucrarea lemnului, router CNC pentru publicitate, etc;<\/span><\/div>\n<div><\/div>\n<div><span>Caracteristici:<\/span><\/div>\n<div><span>(1) Combina\u021bie excelent\u0103 de lame superioare \u0219i inferioare, muchie ascu\u021bit\u0103;<\/span><\/div>\n<div><span>(2) Slefuit \u0219i lustruit de \u00eenalt\u0103 precizie, rezisten\u021b\u0103 ridicat\u0103 la abraziune \u0219i rezisten\u021b\u0103 la temperatur\u0103, rigiditate bun\u0103, nu se sparge u\u0219or;<\/span><\/div>\n<div><span>(3) F\u0103r\u0103 bavuri pentru prelucrarea cu spiral\u0103 \u00een sus \u0219i \u00een jos;<\/span><\/div>\n<div data-spm-anchor-id=\"a2g0o.detail.1000023.i2.8eef2570KYTulb\"><span>(4) Performan\u021b\u0103 ridicat\u0103, \u00eembun\u0103t\u0103\u021birea eficien\u021bei muncii, reducerea costurilor;<\/span><\/div>\n<div><\/div>\n<div><\/div>\n<div><\/div>\n<div><\/div>\n<\/div>\n<\/div>\n<\/div>\n<\/div>\n<div><\/div>\n","protected":false},"excerpt":{"rendered":"<p>Cele mai potrivite materiale: compresie, MDF ar putea fi potrivit \u0219i pe materialele de mai jos: (1) MDF, pl\u0103ci aglomerate, pl\u0103ci cu strat, bu\u0219teni, lipite pe panourile de piele; (2) PAL, compozit, melaminat; (3) Lemn masiv, lemn nativ, placaj, plac\u0103 de lotus; Aplicatii: Centru de prelucrare pentru router CNC, ma\u0219in\u0103 pentru prelucrarea lemnului, router CNC &hellip;<\/p>\n<p class=\"read-more\"> <a class=\"\" href=\"http:\/\/plastic-industrie.ro\/?product=freza-pentru-lemn-din-carbura-cu-doi-dinti\"> <span class=\"screen-reader-text\">Frez\u0103 Pentru Lemn din Carbura cu doi Dinti (Detalii WhatsApp)<\/span> Read More &raquo;<\/a><\/p>\n","protected":false},"featured_media":1767,"comment_status":"open","ping_status":"closed","template":"","meta":{"site-sidebar-layout":"default","site-content-layout":"default","ast-global-header-display":"","ast-main-header-display":"","ast-hfb-above-header-display":"","ast-hfb-below-header-display":"","ast-hfb-mobile-header-display":"","site-post-title":"","ast-breadcrumbs-content":"","ast-featured-img":"","footer-sml-layout":"","theme-transparent-header-meta":"default","adv-header-id-meta":"","stick-header-meta":"","header-above-stick-meta":"","header-main-stick-meta":"","header-below-stick-meta":""},"product_cat":[37,38,39],"product_tag":[],"_links":{"self":[{"href":"http:\/\/plastic-industrie.ro\/index.php?rest_route=\/wp\/v2\/product\/1766"}],"collection":[{"href":"http:\/\/plastic-industrie.ro\/index.php?rest_route=\/wp\/v2\/product"}],"about":[{"href":"http:\/\/plastic-industrie.ro\/index.php?rest_route=\/wp\/v2\/types\/product"}],"replies":[{"embeddable":true,"href":"http:\/\/plastic-industrie.ro\/index.php?rest_route=%2Fwp%2Fv2%2Fcomments&post=1766"}],"wp:featuredmedia":[{"embeddable":true,"href":"http:\/\/plastic-industrie.ro\/index.php?rest_route=\/wp\/v2\/media\/1767"}],"wp:attachment":[{"href":"http:\/\/plastic-industrie.ro\/index.php?rest_route=%2Fwp%2Fv2%2Fmedia&parent=1766"}],"wp:term":[{"taxonomy":"product_cat","embeddable":true,"href":"http:\/\/plastic-industrie.ro\/index.php?rest_route=%2Fwp%2Fv2%2Fproduct_cat&post=1766"},{"taxonomy":"product_tag","embeddable":true,"href":"http:\/\/plastic-industrie.ro\/index.php?rest_route=%2Fwp%2Fv2%2Fproduct_tag&post=1766"}],"curies":[{"name":"wp","href":"https:\/\/api.w.org\/{rel}","templated":true}]}}