{"id":1754,"date":"2022-09-08T16:17:57","date_gmt":"2022-09-08T16:17:57","guid":{"rendered":"https:\/\/plastic-industrie.ro\/?post_type=product&#038;p=1754"},"modified":"2025-10-31T13:20:49","modified_gmt":"2025-10-31T13:20:49","slug":"freza-lemn-2-dinti-pentru-lemn-pal-mdf","status":"publish","type":"product","link":"https:\/\/plastic-industrie.ro\/?product=freza-lemn-2-dinti-pentru-lemn-pal-mdf","title":{"rendered":"Freza Arden dreapta multifunctionala cu diamant cu 2 dinti (Detalii WhatsApp)"},"content":{"rendered":"<p>PCD (diamantul policristalin) este un material foarte dur, cu cea mai mare rezisten\u021b\u0103 la abraziune, dar poate face o suprafa\u021b\u0103 de lucru precis\u0103 \u0219i str\u0103lucitoare a lemnului \u0219i, \u00een mod important, \u00eembun\u0103t\u0103\u021be\u0219te productivitatea \u0219i reduce costul sculelor. Avantajul este enumerat dup\u0103 cum urmeaz\u0103:<br \/>\n1. Durat\u0103 de via\u021b\u0103 mai lung\u0103 a sculei \u0219i rezultate mai consistente dec\u00e2t unealta cu carbur\u0103<br \/>\n2. Performan\u021b\u0103 de mare vitez\u0103: cca. De 10 ori mai rapid dec\u00e2t uneltele Carbide<br \/>\n3. Finisaj de suprafa\u021b\u0103: poate oferi un finisaj de suprafa\u021b\u0103 de \u00eenalt\u0103 calitate f\u0103r\u0103 o opera\u021biune secundar\u01034. Poate fi reascutit de 3-5 ori fara a afecta profilul original<\/p>\n","protected":false},"excerpt":{"rendered":"<p>PCD (diamantul policristalin) este un material foarte dur, cu cea mai mare rezisten\u021b\u0103 la abraziune, dar poate face o suprafa\u021b\u0103 de lucru precis\u0103 \u0219i str\u0103lucitoare a lemnului \u0219i, \u00een mod important, \u00eembun\u0103t\u0103\u021be\u0219te productivitatea \u0219i reduce costul sculelor. Avantajul este enumerat dup\u0103 cum urmeaz\u0103: 1. Durat\u0103 de via\u021b\u0103 mai lung\u0103 a sculei \u0219i rezultate mai consistente &hellip;<\/p>\n<p class=\"read-more\"> <a class=\"\" href=\"https:\/\/plastic-industrie.ro\/?product=freza-lemn-2-dinti-pentru-lemn-pal-mdf\"> <span class=\"screen-reader-text\">Freza Arden dreapta multifunctionala cu diamant cu 2 dinti (Detalii WhatsApp)<\/span> Read More &raquo;<\/a><\/p>\n","protected":false},"featured_media":1785,"comment_status":"open","ping_status":"closed","template":"","meta":{"site-sidebar-layout":"default","site-content-layout":"default","ast-global-header-display":"","ast-main-header-display":"","ast-hfb-above-header-display":"","ast-hfb-below-header-display":"","ast-hfb-mobile-header-display":"","site-post-title":"","ast-breadcrumbs-content":"","ast-featured-img":"","footer-sml-layout":"","theme-transparent-header-meta":"default","adv-header-id-meta":"","stick-header-meta":"","header-above-stick-meta":"","header-main-stick-meta":"","header-below-stick-meta":""},"product_cat":[37,38,39],"product_tag":[],"_links":{"self":[{"href":"https:\/\/plastic-industrie.ro\/index.php?rest_route=\/wp\/v2\/product\/1754"}],"collection":[{"href":"https:\/\/plastic-industrie.ro\/index.php?rest_route=\/wp\/v2\/product"}],"about":[{"href":"https:\/\/plastic-industrie.ro\/index.php?rest_route=\/wp\/v2\/types\/product"}],"replies":[{"embeddable":true,"href":"https:\/\/plastic-industrie.ro\/index.php?rest_route=%2Fwp%2Fv2%2Fcomments&post=1754"}],"wp:featuredmedia":[{"embeddable":true,"href":"https:\/\/plastic-industrie.ro\/index.php?rest_route=\/wp\/v2\/media\/1785"}],"wp:attachment":[{"href":"https:\/\/plastic-industrie.ro\/index.php?rest_route=%2Fwp%2Fv2%2Fmedia&parent=1754"}],"wp:term":[{"taxonomy":"product_cat","embeddable":true,"href":"https:\/\/plastic-industrie.ro\/index.php?rest_route=%2Fwp%2Fv2%2Fproduct_cat&post=1754"},{"taxonomy":"product_tag","embeddable":true,"href":"https:\/\/plastic-industrie.ro\/index.php?rest_route=%2Fwp%2Fv2%2Fproduct_tag&post=1754"}],"curies":[{"name":"wp","href":"https:\/\/api.w.org\/{rel}","templated":true}]}}